{"id":114,"date":"2024-03-01T09:11:17","date_gmt":"2024-03-01T08:11:17","guid":{"rendered":"https:\/\/marcillylesbuxy.info\/?page_id=114"},"modified":"2025-05-14T16:22:39","modified_gmt":"2025-05-14T14:22:39","slug":"information-citoyenne-a-marcilly_les-buxy","status":"publish","type":"page","link":"https:\/\/marcillylesbuxy.info\/","title":{"rendered":"Sommaire"},"content":{"rendered":"\n<div class=\"wp-block-columns is-not-stacked-on-mobile is-layout-flex wp-container-core-columns-is-layout-9d6595d7 wp-block-columns-is-layout-flex\">\n<div class=\"wp-block-column is-layout-flow wp-block-column-is-layout-flow\" style=\"flex-basis:300%\"><\/div>\n<\/div>\n\n\n\n<p class=\"has-dark-gray-color has-text-color has-link-color wp-elements-a010635a7f3ab00abd8f318860efd8fa\"><strong>Derniers articles publi\u00e9s<\/strong>:<\/p>\n\n\n<ul class=\"wp-block-latest-posts__list is-grid columns-3 wp-block-latest-posts\"><li><a class=\"wp-block-latest-posts__post-title\" href=\"https:\/\/marcillylesbuxy.info\/index.php\/2025\/08\/30\/les-services-perdus-les-services-non-rendus\/\">Les services perdus, les services non rendus&#8230;<\/a><\/li>\n<li><a class=\"wp-block-latest-posts__post-title\" href=\"https:\/\/marcillylesbuxy.info\/index.php\/2025\/08\/27\/indemnites-des-elus-ce-quelles-sont-ce-quelles-devraient-etre\/\">Indemnit\u00e9s des \u00e9lus: ce qu&rsquo;elles sont, ce qu&rsquo;elles devraient \u00eatre&#8230;<\/a><\/li>\n<li><a class=\"wp-block-latest-posts__post-title\" href=\"https:\/\/marcillylesbuxy.info\/index.php\/2025\/08\/26\/la-communication-de-notre-association-censuree\/\">La communication de notre association censur\u00e9e?<\/a><\/li>\n<li><a class=\"wp-block-latest-posts__post-title\" href=\"https:\/\/marcillylesbuxy.info\/index.php\/2025\/08\/24\/festival-de-la-pierre-la-mairie-na-pas-ete-prevenue-a-temps\/\">Festival de la pierre du 20 juin 2025: la mairie n&rsquo;a pas \u00e9t\u00e9 pr\u00e9venue \u00e0 temps?<\/a><\/li>\n<li><a class=\"wp-block-latest-posts__post-title\" href=\"https:\/\/marcillylesbuxy.info\/index.php\/2025\/08\/19\/canicule-qua-fait-la-mairie-pour-les-personnes-fragiles\/\">Canicule: qu&rsquo;a fait la mairie pour les personnes fragiles?<\/a><\/li>\n<li><a class=\"wp-block-latest-posts__post-title\" href=\"https:\/\/marcillylesbuxy.info\/index.php\/2025\/05\/17\/laffaire-du-filet-de-la-table-de-ping-pong\/\">L&rsquo;affaire du filet de la table de ping-pong&#8230;<\/a><\/li>\n<\/ul>\n\n\n<hr class=\"wp-block-separator has-alpha-channel-opacity\"\/>\n\n\n\n<div class=\"wp-block-buttons is-layout-flex wp-block-buttons-is-layout-flex\">\n<div class=\"wp-block-button has-custom-width wp-block-button__width-100 is-style-fill\"><a class=\"wp-block-button__link has-background has-large-font-size has-custom-font-size wp-element-button\" href=\"https:\/\/marcillylesbuxy.info\/index.php\/proces-verbaux-du-conseil-municipal\/\" style=\"border-radius:24px;background:linear-gradient(90deg,rgb(2,3,129) 0%,rgb(40,116,252) 100%)\">Proc\u00e8s-verbaux des conseils municipaux, ordres du jour, d\u00e9lib\u00e9rations  <\/a><\/div>\n<\/div>\n\n\n\n<div class=\"wp-block-buttons is-horizontal is-content-justification-left is-layout-flex wp-container-core-buttons-is-layout-92fc3979 wp-block-buttons-is-layout-flex\">\n<div class=\"wp-block-button has-custom-width wp-block-button__width-100\"><a class=\"wp-block-button__link has-midnight-gradient-background has-background has-large-font-size has-custom-font-size wp-element-button\" href=\"https:\/\/marcillylesbuxy.info\/index.php\/2024\/03https:\/\/marcillylesbuxy.info\/index.php\/affaires-en-cours\/\" style=\"border-radius:24px\">Les QUESTIONS DE L&rsquo;asso<\/a><\/div>\n\n\n\n<div class=\"wp-block-button has-custom-width wp-block-button__width-100\"><a class=\"wp-block-button__link has-midnight-gradient-background has-background has-large-font-size has-custom-font-size wp-element-button\" href=\"https:\/\/marcillylesbuxy.info\/index.php\/questions-des-lecteurs\/\" style=\"border-radius:24px\">Les questions des lecteurs<\/a><\/div>\n\n\n\n<div class=\"wp-block-button has-custom-width wp-block-button__width-100\"><a class=\"wp-block-button__link has-midnight-gradient-background has-background has-large-font-size has-custom-font-size wp-element-button\" href=\"https:\/\/marcillylesbuxy.info\/index.php\/cartes-et-plans\/\" style=\"border-radius:24px\">Documentation<\/a><\/div>\n\n\n\n<div class=\"wp-block-button has-custom-width wp-block-button__width-100\"><a class=\"wp-block-button__link has-midnight-gradient-background has-background has-large-font-size has-custom-font-size wp-element-button\" href=\"https:\/\/marcillylesbuxy.info\/index.php\/abonnement-et-adhesion\/\" style=\"border-radius:24px\">Abonnement (pour \u00eatre averti d&rsquo;un nouvel article)<\/a><\/div>\n\n\n\n<div class=\"wp-block-button has-custom-width wp-block-button__width-100\"><a class=\"wp-block-button__link has-midnight-gradient-background has-background has-large-font-size has-custom-font-size wp-element-button\" href=\"https:\/\/marcillylesbuxy.info\/index.php\/adhesion\/\" style=\"border-radius:24px\">adh\u00e9rer \u00e0 l&rsquo;association<\/a><\/div>\n<\/div>\n\n\n<ol class=\"has-avatars has-dates has-excerpts wp-block-latest-comments\"><li class=\"wp-block-latest-comments__comment\"><img alt='' src='https:\/\/secure.gravatar.com\/avatar\/dcdaa63176ae18f1f9a7f6c1743a1f1309366d9d6e4a9837cdd5de789e5abbc0?s=48&#038;d=mm&#038;r=g' srcset='https:\/\/secure.gravatar.com\/avatar\/dcdaa63176ae18f1f9a7f6c1743a1f1309366d9d6e4a9837cdd5de789e5abbc0?s=96&#038;d=mm&#038;r=g 2x' class='avatar avatar-48 photo wp-block-latest-comments__comment-avatar' height='48' width='48' \/><article><footer class=\"wp-block-latest-comments__comment-meta\"><span class=\"wp-block-latest-comments__comment-author\">Philippe ROBERT<\/span> sur <a class=\"wp-block-latest-comments__comment-link\" href=\"https:\/\/marcillylesbuxy.info\/index.php\/2025\/08\/30\/les-services-perdus-les-services-non-rendus\/#comment-1130\">Les services perdus, les services non rendus&#8230;<\/a><time datetime=\"2025-08-31T09:21:58+02:00\" class=\"wp-block-latest-comments__comment-date\">31 ao\u00fbt 2025<\/time><\/footer><div class=\"wp-block-latest-comments__comment-excerpt\"><p>Au moment o\u00f9 on re\u00e7oit pour paiement nos avis de taxes fonci\u00e8res, toute cette accumulation de mauvaises nouvelles est encore&hellip;<\/p>\n<\/div><\/article><\/li><li class=\"wp-block-latest-comments__comment\"><img alt='' src='https:\/\/secure.gravatar.com\/avatar\/5db527d436f6c6d4894e06bd9edca4bda51e52ad608da3ade6a4ffa2a881ce35?s=48&#038;d=mm&#038;r=g' srcset='https:\/\/secure.gravatar.com\/avatar\/5db527d436f6c6d4894e06bd9edca4bda51e52ad608da3ade6a4ffa2a881ce35?s=96&#038;d=mm&#038;r=g 2x' class='avatar avatar-48 photo wp-block-latest-comments__comment-avatar' height='48' width='48' \/><article><footer class=\"wp-block-latest-comments__comment-meta\"><a class=\"wp-block-latest-comments__comment-author\" href=\"https:\/\/marcillylesbuxy.info\">Association Information Citoyenne Marcilly les Buxy<\/a> sur <a class=\"wp-block-latest-comments__comment-link\" href=\"https:\/\/marcillylesbuxy.info\/index.php\/2025\/01\/26\/sobriete-budgetaire-et-indemnites-du-maire\/#comment-459\">Sobri\u00e9t\u00e9 budg\u00e9taire&#8230; et indemnit\u00e9s du maire?<\/a><time datetime=\"2025-05-18T09:36:09+02:00\" class=\"wp-block-latest-comments__comment-date\">18 mai 2025<\/time><\/footer><div class=\"wp-block-latest-comments__comment-excerpt\"><p>Le d\u00e9bat est ouvert !<\/p>\n<\/div><\/article><\/li><li class=\"wp-block-latest-comments__comment\"><img alt='' src='https:\/\/secure.gravatar.com\/avatar\/5db527d436f6c6d4894e06bd9edca4bda51e52ad608da3ade6a4ffa2a881ce35?s=48&#038;d=mm&#038;r=g' srcset='https:\/\/secure.gravatar.com\/avatar\/5db527d436f6c6d4894e06bd9edca4bda51e52ad608da3ade6a4ffa2a881ce35?s=96&#038;d=mm&#038;r=g 2x' class='avatar avatar-48 photo wp-block-latest-comments__comment-avatar' height='48' width='48' \/><article><footer class=\"wp-block-latest-comments__comment-meta\"><a class=\"wp-block-latest-comments__comment-author\" href=\"https:\/\/marcillylesbuxy.info\">Association Information Citoyenne Marcilly les Buxy<\/a> sur <a class=\"wp-block-latest-comments__comment-link\" href=\"https:\/\/marcillylesbuxy.info\/#comment-456\">Sommaire<\/a><time datetime=\"2025-05-17T20:12:21+02:00\" class=\"wp-block-latest-comments__comment-date\">17 mai 2025<\/time><\/footer><div class=\"wp-block-latest-comments__comment-excerpt\"><p>Concernant le principe du forum: Nous ne validons aucun commentaire anonyme. Les commentaires doivent \u00eatre assum\u00e9s par leurs auteurs, comme&hellip;<\/p>\n<\/div><\/article><\/li><li class=\"wp-block-latest-comments__comment\"><img alt='' src='https:\/\/secure.gravatar.com\/avatar\/dcdaa63176ae18f1f9a7f6c1743a1f1309366d9d6e4a9837cdd5de789e5abbc0?s=48&#038;d=mm&#038;r=g' srcset='https:\/\/secure.gravatar.com\/avatar\/dcdaa63176ae18f1f9a7f6c1743a1f1309366d9d6e4a9837cdd5de789e5abbc0?s=96&#038;d=mm&#038;r=g 2x' class='avatar avatar-48 photo wp-block-latest-comments__comment-avatar' height='48' width='48' \/><article><footer class=\"wp-block-latest-comments__comment-meta\"><span class=\"wp-block-latest-comments__comment-author\">Philippe ROBERT<\/span> sur <a class=\"wp-block-latest-comments__comment-link\" href=\"https:\/\/marcillylesbuxy.info\/index.php\/2025\/01\/26\/sobriete-budgetaire-et-indemnites-du-maire\/#comment-451\">Sobri\u00e9t\u00e9 budg\u00e9taire&#8230; et indemnit\u00e9s du maire?<\/a><time datetime=\"2025-05-15T10:56:49+02:00\" class=\"wp-block-latest-comments__comment-date\">15 mai 2025<\/time><\/footer><div class=\"wp-block-latest-comments__comment-excerpt\"><p>Bonjour, Merci pour votre r\u00e9ponse. Une solution pour r\u00e9duire le co\u00fbt des indemnit\u00e9s de maire et d\u2019adjoint : regrouper les&hellip;<\/p>\n<\/div><\/article><\/li><li class=\"wp-block-latest-comments__comment\"><img alt='' src='https:\/\/secure.gravatar.com\/avatar\/5db527d436f6c6d4894e06bd9edca4bda51e52ad608da3ade6a4ffa2a881ce35?s=48&#038;d=mm&#038;r=g' srcset='https:\/\/secure.gravatar.com\/avatar\/5db527d436f6c6d4894e06bd9edca4bda51e52ad608da3ade6a4ffa2a881ce35?s=96&#038;d=mm&#038;r=g 2x' class='avatar avatar-48 photo wp-block-latest-comments__comment-avatar' height='48' width='48' \/><article><footer class=\"wp-block-latest-comments__comment-meta\"><a class=\"wp-block-latest-comments__comment-author\" href=\"https:\/\/marcillylesbuxy.info\">admin1598<\/a> sur <a class=\"wp-block-latest-comments__comment-link\" href=\"https:\/\/marcillylesbuxy.info\/index.php\/2025\/01\/26\/sobriete-budgetaire-et-indemnites-du-maire\/#comment-449\">Sobri\u00e9t\u00e9 budg\u00e9taire&#8230; et indemnit\u00e9s du maire?<\/a><time datetime=\"2025-05-14T16:15:53+02:00\" class=\"wp-block-latest-comments__comment-date\">14 mai 2025<\/time><\/footer><div class=\"wp-block-latest-comments__comment-excerpt\"><p>Les indemnit\u00e9s de Maire et Adjoints &#8211; 1567\u20ac\/mois et 416\u20ac\/mois &#8211; sont les indemnit\u00e9s brutes. Bien qu\u2019il s\u2019agisse d\u2019indemnit\u00e9s, il&hellip;<\/p>\n<\/div><\/article><\/li><\/ol>\n\n\n<div class=\"wp-block-comments\"><ol class=\"wp-block-comment-template\"><li id=\"comment-398\" class=\"comment even thread-even depth-1\">\n\n<div class=\"wp-block-columns is-layout-flex wp-container-core-columns-is-layout-9d6595d7 wp-block-columns-is-layout-flex\">\n<div class=\"wp-block-column is-layout-flow wp-block-column-is-layout-flow\" style=\"flex-basis:40px\"><\/div>\n<\/div>\n\n<ol><li id=\"comment-403\" class=\"comment byuser comment-author-admin1598 bypostauthor odd alt depth-2\">\n\n<div class=\"wp-block-columns is-layout-flex wp-container-core-columns-is-layout-9d6595d7 wp-block-columns-is-layout-flex\">\n<div class=\"wp-block-column is-layout-flow wp-block-column-is-layout-flow\" style=\"flex-basis:40px\"><\/div>\n<\/div>\n\n<ol><li id=\"comment-456\" class=\"comment byuser comment-author-admin1598 bypostauthor even depth-3\">\n\n<div class=\"wp-block-columns is-layout-flex wp-container-core-columns-is-layout-9d6595d7 wp-block-columns-is-layout-flex\">\n<div class=\"wp-block-column is-layout-flow wp-block-column-is-layout-flow\" style=\"flex-basis:40px\"><\/div>\n<\/div>\n\n<\/li><\/ol><\/li><\/ol><\/li><li id=\"comment-10\" class=\"comment odd alt thread-odd thread-alt depth-1\">\n\n<div class=\"wp-block-columns is-layout-flex wp-container-core-columns-is-layout-9d6595d7 wp-block-columns-is-layout-flex\">\n<div class=\"wp-block-column is-layout-flow wp-block-column-is-layout-flow\" style=\"flex-basis:40px\"><\/div>\n<\/div>\n\n<\/li><\/ol>\n\n\n\n\t<div id=\"respond\" class=\"comment-respond wp-block-post-comments-form\">\n\t\t<h3 id=\"reply-title\" class=\"comment-reply-title\">Laisser un commentaire <small><a rel=\"nofollow\" id=\"cancel-comment-reply-link\" href=\"\/index.php\/wp-json\/wp\/v2\/pages\/114#respond\" style=\"display:none;\">Annuler la r\u00e9ponse<\/a><\/small><\/h3><form action=\"https:\/\/marcillylesbuxy.info\/wp-comments-post.php\" method=\"post\" id=\"commentform\" class=\"comment-form\"><p class=\"comment-notes\"><span id=\"email-notes\">Votre adresse e-mail ne sera pas publi\u00e9e.<\/span> <span class=\"required-field-message\">Les champs obligatoires sont indiqu\u00e9s avec <span class=\"required\">*<\/span><\/span><\/p><p class=\"comment-form-comment\"><label for=\"comment\">Commentaire <span class=\"required\">*<\/span><\/label> <textarea id=\"comment\" name=\"comment\" cols=\"45\" rows=\"8\" maxlength=\"65525\" required=\"required\"><\/textarea><\/p><p class=\"comment-form-author\"><label for=\"author\">Nom <span class=\"required\">*<\/span><\/label> <input id=\"author\" name=\"author\" type=\"text\" value=\"\" size=\"30\" maxlength=\"245\" autocomplete=\"name\" required=\"required\" \/><\/p>\n<p class=\"comment-form-email\"><label for=\"email\">E-mail <span class=\"required\">*<\/span><\/label> <input id=\"email\" name=\"email\" type=\"text\" value=\"\" size=\"30\" maxlength=\"100\" aria-describedby=\"email-notes\" autocomplete=\"email\" required=\"required\" \/><\/p>\n<p class=\"comment-form-url\"><label for=\"url\">Site web<\/label> <input id=\"url\" name=\"url\" type=\"text\" value=\"\" size=\"30\" maxlength=\"200\" autocomplete=\"url\" \/><\/p>\n<p class=\"comment-form-cookies-consent\"><input id=\"wp-comment-cookies-consent\" name=\"wp-comment-cookies-consent\" type=\"checkbox\" value=\"yes\" \/> <label for=\"wp-comment-cookies-consent\">Enregistrer mon nom, mon e-mail et mon site dans le navigateur pour mon prochain commentaire.<\/label><\/p>\n<p class=\"comment-form-mailpoet\">\n      <label for=\"mailpoet_subscribe_on_comment\">\n        <input\n          type=\"checkbox\"\n          id=\"mailpoet_subscribe_on_comment\"\n          value=\"1\"\n          name=\"mailpoet[subscribe_on_comment]\"\n        \/>&nbsp;Oui, ajoutez-moi \u00e0 votre liste de diffusion.\n      <\/label>\n    <\/p><p class=\"form-submit\"><input name=\"submit\" type=\"submit\" id=\"submit\" class=\"submit\" value=\"Laisser un commentaire\" \/> <input type='hidden' name='comment_post_ID' value='114' id='comment_post_ID' \/>\n<input type='hidden' name='comment_parent' id='comment_parent' value='0' \/>\n<\/p><p style=\"display: none;\"><input type=\"hidden\" id=\"akismet_comment_nonce\" name=\"akismet_comment_nonce\" value=\"e574f8c7bb\" \/><\/p><p style=\"display: none !important;\" class=\"akismet-fields-container\" data-prefix=\"ak_\"><label>&#916;<textarea name=\"ak_hp_textarea\" cols=\"45\" rows=\"8\" maxlength=\"100\"><\/textarea><\/label><input type=\"hidden\" id=\"ak_js_1\" name=\"ak_js\" value=\"143\"\/><script type=\"text\/javascript\">\n\/* <![CDATA[ *\/\ndocument.getElementById( \"ak_js_1\" ).setAttribute( \"value\", ( new Date() ).getTime() );\n\/* ]]> *\/\n<\/script>\n<\/p><\/form>\t<\/div><!-- #respond -->\n\t<p class=\"akismet_comment_form_privacy_notice\">Ce site utilise Akismet pour r\u00e9duire les ind\u00e9sirables. <a href=\"https:\/\/akismet.com\/privacy\/\" target=\"_blank\" rel=\"nofollow noopener\">En savoir plus sur la fa\u00e7on dont les donn\u00e9es de vos commentaires sont trait\u00e9es<\/a>.<\/p><\/div>\n\n\n  \n  \n  <div class=\"\n    mailpoet_form_popup_overlay\n      \"><\/div>\n  <div\n    id=\"mailpoet_form_1\"\n    class=\"\n      mailpoet_form\n      mailpoet_form_html\n      mailpoet_form_position_\n      mailpoet_form_animation_\n    \"\n      >\n\n    <style type=\"text\/css\">\n     #mailpoet_form_1 .mailpoet_form {  }\n#mailpoet_form_1 form { margin-bottom: 0; }\n#mailpoet_form_1 p.mailpoet_form_paragraph.last { margin-bottom: 0px; }\n#mailpoet_form_1 h2.mailpoet-heading { margin: -10px 0 10px 0; }\n#mailpoet_form_1 .mailpoet_column_with_background { padding: 10px; }\n#mailpoet_form_1 .mailpoet_form_column:not(:first-child) { margin-left: 20px; }\n#mailpoet_form_1 .mailpoet_paragraph { line-height: 20px; margin-bottom: 20px; }\n#mailpoet_form_1 .mailpoet_segment_label, #mailpoet_form_1 .mailpoet_text_label, #mailpoet_form_1 .mailpoet_textarea_label, #mailpoet_form_1 .mailpoet_select_label, #mailpoet_form_1 .mailpoet_radio_label, #mailpoet_form_1 .mailpoet_checkbox_label, #mailpoet_form_1 .mailpoet_list_label, #mailpoet_form_1 .mailpoet_date_label { display: block; font-weight: normal; }\n#mailpoet_form_1 .mailpoet_text, #mailpoet_form_1 .mailpoet_textarea, #mailpoet_form_1 .mailpoet_select, #mailpoet_form_1 .mailpoet_date_month, #mailpoet_form_1 .mailpoet_date_day, #mailpoet_form_1 .mailpoet_date_year, #mailpoet_form_1 .mailpoet_date { display: block; }\n#mailpoet_form_1 .mailpoet_text, #mailpoet_form_1 .mailpoet_textarea { width: 200px; }\n#mailpoet_form_1 .mailpoet_checkbox {  }\n#mailpoet_form_1 .mailpoet_submit {  }\n#mailpoet_form_1 .mailpoet_divider {  }\n#mailpoet_form_1 .mailpoet_message {  }\n#mailpoet_form_1 .mailpoet_form_loading { width: 30px; text-align: center; line-height: normal; }\n#mailpoet_form_1 .mailpoet_form_loading > span { width: 5px; height: 5px; background-color: #5b5b5b; }#mailpoet_form_1{border-radius: 24px;background: linear-gradient(135deg,rgb(202,248,128) 0%,rgb(113,206,126) 100%);text-align: left;}#mailpoet_form_1 form.mailpoet_form {padding: 40px;}#mailpoet_form_1{width: 100%;}#mailpoet_form_1 .mailpoet_message {margin: 0; padding: 0 20px;}\n        #mailpoet_form_1 .mailpoet_validate_success {color: #00d084}\n        #mailpoet_form_1 input.parsley-success {color: #00d084}\n        #mailpoet_form_1 select.parsley-success {color: #00d084}\n        #mailpoet_form_1 textarea.parsley-success {color: #00d084}\n      \n        #mailpoet_form_1 .mailpoet_validate_error {color: #cf2e2e}\n        #mailpoet_form_1 input.parsley-error {color: #cf2e2e}\n        #mailpoet_form_1 select.parsley-error {color: #cf2e2e}\n        #mailpoet_form_1 textarea.textarea.parsley-error {color: #cf2e2e}\n        #mailpoet_form_1 .parsley-errors-list {color: #cf2e2e}\n        #mailpoet_form_1 .parsley-required {color: #cf2e2e}\n        #mailpoet_form_1 .parsley-custom-error-message {color: #cf2e2e}\n      #mailpoet_form_1 .mailpoet_paragraph.last {margin-bottom: 0} @media (max-width: 500px) {#mailpoet_form_1 {background: linear-gradient(135deg,rgb(202,248,128) 0%,rgb(113,206,126) 100%);}} @media (min-width: 500px) {#mailpoet_form_1 .last .mailpoet_paragraph:last-child {margin-bottom: 0}}  @media (max-width: 500px) {#mailpoet_form_1 .mailpoet_form_column:last-child .mailpoet_paragraph:last-child {margin-bottom: 0}} \n    <\/style>\n\n    <form\n      target=\"_self\"\n      method=\"post\"\n      action=\"https:\/\/marcillylesbuxy.info\/wp-admin\/admin-post.php?action=mailpoet_subscription_form\"\n      class=\"mailpoet_form mailpoet_form_form mailpoet_form_html\"\n      novalidate\n      data-delay=\"\"\n      data-exit-intent-enabled=\"\"\n      data-trigger-mode=\"\"\n      data-click-trigger-selector=\"\"\n      data-font-family=\"\"\n      data-cookie-expiration-time=\"\"\n    >\n      <input type=\"hidden\" name=\"data[form_id]\" value=\"1\" \/>\n      <input type=\"hidden\" name=\"token\" value=\"74f7e0bb52\" \/>\n      <input type=\"hidden\" name=\"api_version\" value=\"v1\" \/>\n      <input type=\"hidden\" name=\"endpoint\" value=\"subscribers\" \/>\n      <input type=\"hidden\" name=\"mailpoet_method\" value=\"subscribe\" \/>\n\n      <label class=\"mailpoet_hp_email_label\" style=\"display: none !important;\">Veuillez laisser ce champ vide<input type=\"email\" name=\"data[email]\"\/><\/label><h2 class=\"mailpoet-heading  mailpoet-has-font-size\" style=\"text-align: center; color: #ffffff; font-size: 31px; line-height: 1\">Pour recevoir l&rsquo;annonce d&rsquo;un nouvel article<strong><span style=\"font-family: Concert One\" data-font=\"Concert One\" class=\"mailpoet-has-font\">!<\/span><\/strong><\/h2>\n<p class=\"mailpoet_form_paragraph  mailpoet-has-font-size\" style=\"text-align: center; color: #ffffff; font-size: 20px; line-height: 1\"><span style=\"font-family: Concert One\" data-font=\"Concert One\" class=\"mailpoet-has-font\">Nous aimerions vous tenir au courant des derni\u00e8res publications d&rsquo;Information Citoyenne \u00e0 Marcilly-l\u00e8s-Buxy! <\/span> <img decoding=\"async\" class=\"wp-smiley\" style=\"height: 1em;max-height: 1em\" src=\"https:\/\/s.w.org\/images\/core\/emoji\/14.0.0\/72x72\/1f60e.png\" alt=\"\ud83d\ude0e\"><\/p>\n<div class=\"mailpoet_paragraph \"><style>input[name=\"data[form_field_N2EwNTJkMmE4MGJjX2ZpcnN0X25hbWU=]\"]::placeholder{color:#5b8ba7;opacity: 1;}<\/style><input type=\"text\" autocomplete=\"given-name\" class=\"mailpoet_text\" id=\"form_first_name_1\" name=\"data[form_field_N2EwNTJkMmE4MGJjX2ZpcnN0X25hbWU=]\" title=\"Quel est votre pr\u00e9nom\u00a0?\" value=\"\" style=\"width:100%;box-sizing:border-box;background-color:#ffffff;border-style:solid;border-radius:4px !important;border-width:0px;border-color:#313131;padding:12px;margin: 0 auto 0 0;font-family:&#039;Ubuntu&#039;;font-size:20px;line-height:1.5;height:auto;color:#5b8ba7;\" data-automation-id=\"form_first_name\"  placeholder=\"Quel est votre pr\u00e9nom\u00a0?\" aria-label=\"Quel est votre pr\u00e9nom\u00a0?\" data-parsley-errors-container=\".mailpoet_error_xcfvg\" data-parsley-names='[&quot;Veuillez sp\u00e9cifier un nom valide.&quot;,&quot;Les adresses dans les noms ne sont pas autoris\u00e9es, veuillez ajouter votre nom \u00e0 la place.&quot;]'\/><span class=\"mailpoet_error_xcfvg\"><\/span><\/div>\n<div class=\"mailpoet_paragraph \"><style>input[name=\"data[form_field_ZWNlYjVlNjdlNTE4X2xhc3RfbmFtZQ==]\"]::placeholder{color:#5b8ba7;opacity: 1;}<\/style><input type=\"text\" autocomplete=\"family-name\" class=\"mailpoet_text\" id=\"form_last_name_1\" name=\"data[form_field_ZWNlYjVlNjdlNTE4X2xhc3RfbmFtZQ==]\" title=\"Et votre nom de famille\u00a0?\" value=\"\" style=\"width:100%;box-sizing:border-box;background-color:#ffffff;border-style:solid;border-radius:4px !important;border-width:0px;border-color:#313131;padding:12px;margin: 0 auto 0 0;font-family:&#039;Ubuntu&#039;;font-size:20px;line-height:1.5;height:auto;color:#5b8ba7;\" data-automation-id=\"form_last_name\"  placeholder=\"Et votre nom de famille\u00a0?\" aria-label=\"Et votre nom de famille\u00a0?\" data-parsley-errors-container=\".mailpoet_error_311gf\" data-parsley-names='[&quot;Veuillez sp\u00e9cifier un nom valide.&quot;,&quot;Les adresses dans les noms ne sont pas autoris\u00e9es, veuillez ajouter votre nom \u00e0 la place.&quot;]'\/><span class=\"mailpoet_error_311gf\"><\/span><\/div>\n<div class=\"mailpoet_paragraph \"><style>input[name=\"data[form_field_MDMzNmNjYTM1NmE2X2VtYWls]\"]::placeholder{color:#5b8ba7;opacity: 1;}<\/style><input type=\"email\" autocomplete=\"email\" class=\"mailpoet_text\" id=\"form_email_1\" name=\"data[form_field_MDMzNmNjYTM1NmE2X2VtYWls]\" title=\"Adresse e-mail\" value=\"\" style=\"width:100%;box-sizing:border-box;background-color:#ffffff;border-style:solid;border-radius:4px !important;border-width:0px;border-color:#313131;padding:12px;margin: 0 auto 0 0;font-family:&#039;Ubuntu&#039;;font-size:20px;line-height:1.5;height:auto;color:#5b8ba7;\" data-automation-id=\"form_email\"  placeholder=\"Adresse e-mail *\" aria-label=\"Adresse e-mail *\" data-parsley-errors-container=\".mailpoet_error_9mumz\" data-parsley-required=\"true\" required aria-required=\"true\" data-parsley-minlength=\"6\" data-parsley-maxlength=\"150\" data-parsley-type-message=\"Cette valeur doit \u00eatre un e-mail valide.\" data-parsley-required-message=\"Ce champ est n\u00e9cessaire.\"\/><span class=\"mailpoet_error_9mumz\"><\/span><\/div>\n<div class=\"mailpoet_paragraph \"><input type=\"submit\" class=\"mailpoet_submit\" value=\"Tenez-moi au courant\u00a0!\" data-automation-id=\"subscribe-submit-button\" data-font-family='Ubuntu' style=\"width:100%;box-sizing:border-box;background-color:#ff6900;border-style:solid;border-radius:40px !important;border-width:0px;padding:12px;margin: 0 auto 0 0;font-family:&#039;Ubuntu&#039;;font-size:24px;line-height:1.5;height:auto;color:#ffffff;border-color:transparent;font-weight:bold;\" \/><span class=\"mailpoet_form_loading\"><span class=\"mailpoet_bounce1\"><\/span><span class=\"mailpoet_bounce2\"><\/span><span class=\"mailpoet_bounce3\"><\/span><\/span><\/div>\n<p class=\"mailpoet_form_paragraph  mailpoet-has-font-size\" style=\"text-align: center; color: #ffffff; font-size: 14px; line-height: 1.2\"><span style=\"font-family: Concert One\" data-font=\"Concert One\" class=\"mailpoet-has-font\">Nous ne spammons pas\u00a0! Consultez notre <a target=\"_blank\" href=\"https:\/\/marcillylesbuxy.info\/index.php\/politique-de-confidentialite\/\">politique de confidentialit\u00e9<\/a> pour plus d\u2019informations.<\/span><\/p>\n\n      <div class=\"mailpoet_message\">\n        <p class=\"mailpoet_validate_success\"\n                style=\"display:none;\"\n                >V\u00e9rifiez votre boite de r\u00e9ception ou votre r\u00e9pertoire d\u2019ind\u00e9sirables pour confirmer votre abonnement.\n        <\/p>\n        <p class=\"mailpoet_validate_error\"\n                style=\"display:none;\"\n                >        <\/p>\n      <\/div>\n    <\/form>\n\n      <\/div>\n\n  ","protected":false},"excerpt":{"rendered":"<p>Derniers articles publi\u00e9s:<\/p>\n","protected":false},"author":1,"featured_media":0,"parent":0,"menu_order":0,"comment_status":"open","ping_status":"closed","template":"","meta":{"_monsterinsights_skip_tracking":false,"_monsterinsights_sitenote_active":false,"_monsterinsights_sitenote_note":"","_monsterinsights_sitenote_category":0,"footnotes":""},"class_list":["post-114","page","type-page","status-publish","hentry"],"_links":{"self":[{"href":"https:\/\/marcillylesbuxy.info\/index.php\/wp-json\/wp\/v2\/pages\/114","targetHints":{"allow":["GET"]}}],"collection":[{"href":"https:\/\/marcillylesbuxy.info\/index.php\/wp-json\/wp\/v2\/pages"}],"about":[{"href":"https:\/\/marcillylesbuxy.info\/index.php\/wp-json\/wp\/v2\/types\/page"}],"author":[{"embeddable":true,"href":"https:\/\/marcillylesbuxy.info\/index.php\/wp-json\/wp\/v2\/users\/1"}],"replies":[{"embeddable":true,"href":"https:\/\/marcillylesbuxy.info\/index.php\/wp-json\/wp\/v2\/comments?post=114"}],"version-history":[{"count":28,"href":"https:\/\/marcillylesbuxy.info\/index.php\/wp-json\/wp\/v2\/pages\/114\/revisions"}],"predecessor-version":[{"id":914,"href":"https:\/\/marcillylesbuxy.info\/index.php\/wp-json\/wp\/v2\/pages\/114\/revisions\/914"}],"wp:attachment":[{"href":"https:\/\/marcillylesbuxy.info\/index.php\/wp-json\/wp\/v2\/media?parent=114"}],"curies":[{"name":"wp","href":"https:\/\/api.w.org\/{rel}","templated":true}]}}