{"id":172,"date":"2024-03-01T18:00:00","date_gmt":"2024-03-01T17:00:00","guid":{"rendered":"https:\/\/marcillylesbuxy.info\/?page_id=172"},"modified":"2025-08-25T20:10:22","modified_gmt":"2025-08-25T18:10:22","slug":"affaires-en-cours","status":"publish","type":"page","link":"https:\/\/marcillylesbuxy.info\/index.php\/affaires-en-cours\/","title":{"rendered":"Les questions de l&rsquo;asso"},"content":{"rendered":"\n<ul class=\"wp-block-list\">\n<li class=\"has-larger-font-size\"><a href=\"https:\/\/marcillylesbuxy.info\/index.php\/2025\/08\/24\/festival-de-la-pierre-la-mairie-na-pas-ete-prevenue-a-temps\/\" data-type=\"link\" data-id=\"https:\/\/marcillylesbuxy.info\/index.php\/2025\/08\/24\/festival-de-la-pierre-la-mairie-na-pas-ete-prevenue-a-temps\/\">Festival de la Pierre du 25 juin 2025: la mairie n&rsquo;a pas \u00e9t\u00e9 pr\u00e9venue \u00e0 temps?<\/a><\/li>\n\n\n\n<li class=\"has-larger-font-size\"><a href=\"https:\/\/marcillylesbuxy.info\/index.php\/2025\/08\/19\/canicule-qua-fait-la-mairie-pour-les-personnes-fragiles\/\" data-type=\"link\" data-id=\"https:\/\/marcillylesbuxy.info\/index.php\/2025\/08\/19\/canicule-qua-fait-la-mairie-pour-les-personnes-fragiles\/\">Canicule: qu&rsquo;a fait la mairie pour les personnes fragiles?<\/a><\/li>\n\n\n\n<li class=\"has-larger-font-size\"><a href=\"https:\/\/marcillylesbuxy.info\/index.php\/2025\/04\/10\/le-terrain-de-petanque-du-martrat\/\">Le terrain de p\u00e9tanque du Matrat<\/a><\/li>\n\n\n\n<li class=\"has-larger-font-size\"><a href=\"https:\/\/marcillylesbuxy.info\/index.php\/2025\/03\/06\/travaux-a-faire-dans-le-fournil-de-la-boulangerie\/\">Travaux \u00e0 faire dans le fournil de la boulangerie<\/a><\/li>\n\n\n\n<li class=\"has-larger-font-size\"><a href=\"https:\/\/marcillylesbuxy.info\/index.php\/2025\/02\/26\/gestion-municipale-que-danomalies\/\" data-type=\"link\" data-id=\"https:\/\/marcillylesbuxy.info\/index.php\/2025\/02\/26\/gestion-municipale-que-danomalies\/\">Gestion municipale: que d&rsquo;anomalies ! <\/a><\/li>\n\n\n\n<li class=\"has-larger-font-size\"><a href=\"https:\/\/marcillylesbuxy.info\/index.php\/2025\/02\/26\/les-nouveaux-horaires-douverture-de-la-mairie-et-de-lagence-postale\/\" data-type=\"link\" data-id=\"https:\/\/marcillylesbuxy.info\/index.php\/2025\/02\/26\/les-nouveaux-horaires-douverture-de-la-mairie-et-de-lagence-postale\/\">Les nouveaux horaires d\u2019ouverture de la mairie et de l\u2019agence postale<\/a><\/li>\n\n\n\n<li class=\"has-larger-font-size\"><a href=\"https:\/\/marcillylesbuxy.info\/index.php\/2025\/01\/26\/sobriete-budgetaire-et-indemnites-du-maire\/\" data-type=\"link\" data-id=\"https:\/\/marcillylesbuxy.info\/index.php\/2025\/01\/26\/sobriete-budgetaire-et-indemnites-du-maire\/\">Sobri\u00e9t\u00e9 budg\u00e9taire\u2026 et indemnit\u00e9s du maire?<\/a><\/li>\n\n\n\n<li class=\"has-larger-font-size\"><a href=\"https:\/\/marcillylesbuxy.info\/index.php\/2025\/01\/18\/mais-ou-est-la-teneur-des-debats\/\">Mais o\u00f9 est la teneur des d\u00e9bats ?<\/a><\/li>\n\n\n\n<li class=\"has-larger-font-size\"><a href=\"https:\/\/marcillylesbuxy.info\/index.php\/2025\/01\/18\/pas-daffichage-du-proces-verbal-du-dernier-conseil-municipal\/\">Pas d\u2019affichage num\u00e9rique du proc\u00e8s-verbal du dernier conseil municipal<\/a><\/li>\n\n\n\n<li class=\"has-larger-font-size\"><a href=\"https:\/\/marcillylesbuxy.info\/index.php\/2024\/09\/15\/acquisition-dune-parcelle-agricole\/\">Acquisition d&rsquo;une parcelle agricole?<\/a><\/li>\n\n\n\n<li class=\"has-larger-font-size\"><a href=\"https:\/\/marcillylesbuxy.info\/index.php\/2024\/09\/14\/fermeture-de-lauberge\/\">Fermeture de l&rsquo;auberge ?<\/a><\/li>\n\n\n\n<li class=\"has-larger-font-size\"><a href=\"https:\/\/marcillylesbuxy.info\/index.php\/2024\/08\/26\/le-toit-de-lauberge-le-cheval-blanc\/\" data-type=\"link\" data-id=\"https:\/\/marcillylesbuxy.info\/index.php\/2024\/08\/26\/le-toit-de-lauberge-le-cheval-blanc\/\">Le toit de l&rsquo;auberge \u00ab\u00a0le Cheval Blanc\u00a0\u00bb<\/a><\/li>\n\n\n\n<li class=\"has-larger-font-size\"><a href=\"https:\/\/marcillylesbuxy.info\/index.php\/2024\/06\/06\/quel-usage-de-la-salle-felix-menager\/\">Quel usage de la salle F\u00e9lix Menager?<\/a><\/li>\n\n\n\n<li class=\"has-larger-font-size\"><a href=\"https:\/\/marcillylesbuxy.info\/index.php\/2024\/05\/15\/une-zone-a-30-km-h-aux-coulons\/\">Une zone \u00e0 30 km\/h aux Coulons?<\/a><\/li>\n\n\n\n<li class=\"has-larger-font-size\"><a href=\"https:\/\/marcillylesbuxy.info\/index.php\/2024\/04\/27\/le-panneau-daffichage\/\">Le panneau d&rsquo;affichage<\/a><\/li>\n\n\n\n<li class=\"has-larger-font-size\"><a href=\"https:\/\/marcillylesbuxy.info\/index.php\/2024\/04\/19\/amenagement-a-boujolles\/\">Am\u00e9nagement \u00e0 Boujolles<\/a><\/li>\n\n\n\n<li class=\"has-larger-font-size\"><a href=\"https:\/\/marcillylesbuxy.info\/index.php\/2024\/03\/23\/pas-de-recuperateur-deau-pour-lecole\/\">Pas de r\u00e9cup\u00e9rateur d&rsquo;eau pour l&rsquo;\u00e9cole ?<\/a><\/li>\n\n\n\n<li class=\"has-larger-font-size\"><a href=\"https:\/\/marcillylesbuxy.info\/index.php\/2024\/04\/03\/agglomeration-a-boujolles\/\" data-type=\"link\" data-id=\"https:\/\/marcillylesbuxy.info\/index.php\/2024\/04\/03\/agglomeration-a-boujolles\/\">Agglom\u00e9ration \u00e0 Boujolles?<\/a><\/li>\n\n\n\n<li class=\"has-larger-font-size\"><a href=\"https:\/\/marcillylesbuxy.info\/index.php\/2024\/04\/03\/des-stops-sur-la-route-principale-des-coulons-au-martrat\/\" data-type=\"link\" data-id=\"https:\/\/marcillylesbuxy.info\/index.php\/2024\/04\/03\/des-stops-sur-la-route-principale-des-coulons-au-martrat\/\">Des stops sur la route principale des Coulons au Martrat?<\/a><\/li>\n\n\n\n<li class=\"has-larger-font-size\"><a href=\"https:\/\/marcillylesbuxy.info\/index.php\/2024\/03\/30\/les-comptes-rendus-de-seance-publies-plus-rapidement\/\" data-type=\"link\" data-id=\"https:\/\/marcillylesbuxy.info\/index.php\/2024\/03\/30\/les-comptes-rendus-de-seance-publies-plus-rapidement\/\">Les comptes-rendus de s\u00e9ances du conseil municipal publi\u00e9s plus rapidement ?<\/a><\/li>\n\n\n\n<li class=\"has-larger-font-size\"><a href=\"https:\/\/marcillylesbuxy.info\/index.php\/2024\/03\/23\/des-exces-de-vitesse-dans-le-village\/\" data-type=\"link\" data-id=\"https:\/\/marcillylesbuxy.info\/index.php\/2024\/03\/23\/des-exces-de-vitesse-dans-le-village\/\">Des exc\u00e8s de vitesse dans le village? <\/a><\/li>\n<\/ul>\n\n\n\n<hr class=\"wp-block-separator has-alpha-channel-opacity\"\/>\n\n\n\n<div class=\"wp-block-comments\"><h2 id=\"comments\" class=\"wp-block-comments-title\">Une r\u00e9ponse \u00e0 &#8220;Les questions de l&rsquo;asso&#8221;<\/h2>\n\n<ol class=\"wp-block-comment-template\"><li id=\"comment-118\" class=\"comment even thread-even depth-1\">\n\n<div class=\"wp-block-columns is-layout-flex wp-container-core-columns-is-layout-9d6595d7 wp-block-columns-is-layout-flex\">\n<div class=\"wp-block-column is-layout-flow wp-block-column-is-layout-flow\" style=\"flex-basis:40px\"><div class=\"wp-block-avatar\"><img alt='Avatar de Besson' src='https:\/\/secure.gravatar.com\/avatar\/354a77dd80def99ae99a34e0fa7c1aa5a55ba364ee9639a820b03d3b2a052bec?s=40&#038;d=mm&#038;r=g' srcset='https:\/\/secure.gravatar.com\/avatar\/354a77dd80def99ae99a34e0fa7c1aa5a55ba364ee9639a820b03d3b2a052bec?s=80&#038;d=mm&#038;r=g 2x' class='avatar avatar-40 photo wp-block-avatar__image' height='40' width='40'  style=\"border-radius:20px;\"\/><\/div><\/div>\n\n\n\n<div class=\"wp-block-column is-layout-flow wp-block-column-is-layout-flow\"><div class=\"wp-block-comment-author-name has-small-font-size\">Besson<\/div>\n\n\n<div class=\"wp-block-group is-layout-flex wp-block-group-is-layout-flex\" style=\"margin-top:0px;margin-bottom:0px\"><div class=\"wp-block-comment-date has-small-font-size\"><time datetime=\"2024-09-20T08:51:00+02:00\"><a href=\"https:\/\/marcillylesbuxy.info\/index.php\/affaires-en-cours\/#comment-118\">20 septembre 2024<\/a><\/time><\/div>\n\n<\/div>\n\n\n<div class=\"wp-block-comment-content\"><p>Juste une petite remarque&#8230;<br \/>\nComment ce fait il que la municipalit\u00e9 ait le financement pour acheter une terre agricole, alors qu une d\u00e9pense de 100\u20ac pour acheter un r\u00e9cup\u00e9rateur d eau pour l \u00e9cole pose probl\u00e8me ? \u00c7a demande des explications &#8230;&#8230;<\/p>\n<\/div>\n\n<div class=\"wp-block-comment-reply-link has-small-font-size\"><a rel=\"nofollow\" class=\"comment-reply-link\" href=\"https:\/\/marcillylesbuxy.info\/index.php\/affaires-en-cours\/?replytocom=118#respond\" data-commentid=\"118\" data-postid=\"172\" data-belowelement=\"comment-118\" data-respondelement=\"respond\" data-replyto=\"R\u00e9pondre \u00e0 Besson\" aria-label=\"R\u00e9pondre \u00e0 Besson\">R\u00e9pondre<\/a><\/div><\/div>\n<\/div>\n\n<\/li><\/ol>\n\n\n\n\t<div id=\"respond\" class=\"comment-respond wp-block-post-comments-form\">\n\t\t<h3 id=\"reply-title\" class=\"comment-reply-title\">Laisser un commentaire <small><a rel=\"nofollow\" id=\"cancel-comment-reply-link\" href=\"\/index.php\/wp-json\/wp\/v2\/pages\/172#respond\" style=\"display:none;\">Annuler la r\u00e9ponse<\/a><\/small><\/h3><form action=\"https:\/\/marcillylesbuxy.info\/wp-comments-post.php\" method=\"post\" id=\"commentform\" class=\"comment-form\"><p class=\"comment-notes\"><span id=\"email-notes\">Votre adresse e-mail ne sera pas publi\u00e9e.<\/span> <span class=\"required-field-message\">Les champs obligatoires sont indiqu\u00e9s avec <span class=\"required\">*<\/span><\/span><\/p><p class=\"comment-form-comment\"><label for=\"comment\">Commentaire <span class=\"required\">*<\/span><\/label> <textarea id=\"comment\" name=\"comment\" cols=\"45\" rows=\"8\" maxlength=\"65525\" required=\"required\"><\/textarea><\/p><p class=\"comment-form-author\"><label for=\"author\">Nom <span class=\"required\">*<\/span><\/label> <input id=\"author\" name=\"author\" type=\"text\" value=\"\" size=\"30\" maxlength=\"245\" autocomplete=\"name\" required=\"required\" \/><\/p>\n<p class=\"comment-form-email\"><label for=\"email\">E-mail <span class=\"required\">*<\/span><\/label> <input id=\"email\" name=\"email\" type=\"text\" value=\"\" size=\"30\" maxlength=\"100\" aria-describedby=\"email-notes\" autocomplete=\"email\" required=\"required\" \/><\/p>\n<p class=\"comment-form-url\"><label for=\"url\">Site web<\/label> <input id=\"url\" name=\"url\" type=\"text\" value=\"\" size=\"30\" maxlength=\"200\" autocomplete=\"url\" \/><\/p>\n<p class=\"comment-form-cookies-consent\"><input id=\"wp-comment-cookies-consent\" name=\"wp-comment-cookies-consent\" type=\"checkbox\" value=\"yes\" \/> <label for=\"wp-comment-cookies-consent\">Enregistrer mon nom, mon e-mail et mon site dans le navigateur pour mon prochain commentaire.<\/label><\/p>\n<p class=\"comment-form-mailpoet\">\n      <label for=\"mailpoet_subscribe_on_comment\">\n        <input\n          type=\"checkbox\"\n          id=\"mailpoet_subscribe_on_comment\"\n          value=\"1\"\n          name=\"mailpoet[subscribe_on_comment]\"\n        \/>&nbsp;Oui, ajoutez-moi \u00e0 votre liste de diffusion.\n      <\/label>\n    <\/p><p class=\"form-submit\"><input name=\"submit\" type=\"submit\" id=\"submit\" class=\"submit\" value=\"Laisser un commentaire\" \/> <input type='hidden' name='comment_post_ID' value='172' id='comment_post_ID' \/>\n<input type='hidden' name='comment_parent' id='comment_parent' value='0' \/>\n<\/p><p style=\"display: none;\"><input type=\"hidden\" id=\"akismet_comment_nonce\" name=\"akismet_comment_nonce\" value=\"2638e87ca7\" \/><\/p><p style=\"display: none !important;\" class=\"akismet-fields-container\" data-prefix=\"ak_\"><label>&#916;<textarea name=\"ak_hp_textarea\" cols=\"45\" rows=\"8\" maxlength=\"100\"><\/textarea><\/label><input type=\"hidden\" id=\"ak_js_1\" name=\"ak_js\" value=\"1\"\/><script type=\"text\/javascript\">\n\/* <![CDATA[ *\/\ndocument.getElementById( \"ak_js_1\" ).setAttribute( \"value\", ( new Date() ).getTime() );\n\/* ]]> *\/\n<\/script>\n<\/p><\/form>\t<\/div><!-- #respond -->\n\t<p class=\"akismet_comment_form_privacy_notice\">Ce site utilise Akismet pour r\u00e9duire les ind\u00e9sirables. <a href=\"https:\/\/akismet.com\/privacy\/\" target=\"_blank\" rel=\"nofollow noopener\">En savoir plus sur la fa\u00e7on dont les donn\u00e9es de vos commentaires sont trait\u00e9es<\/a>.<\/p><\/div>\n\n\n  \n  \n  <div class=\"\n    mailpoet_form_popup_overlay\n      \"><\/div>\n  <div\n    id=\"mailpoet_form_1\"\n    class=\"\n      mailpoet_form\n      mailpoet_form_html\n      mailpoet_form_position_\n      mailpoet_form_animation_\n    \"\n      >\n\n    <style type=\"text\/css\">\n     #mailpoet_form_1 .mailpoet_form {  }\n#mailpoet_form_1 form { margin-bottom: 0; }\n#mailpoet_form_1 p.mailpoet_form_paragraph.last { margin-bottom: 0px; }\n#mailpoet_form_1 h2.mailpoet-heading { margin: -10px 0 10px 0; }\n#mailpoet_form_1 .mailpoet_column_with_background { padding: 10px; }\n#mailpoet_form_1 .mailpoet_form_column:not(:first-child) { margin-left: 20px; }\n#mailpoet_form_1 .mailpoet_paragraph { line-height: 20px; margin-bottom: 20px; }\n#mailpoet_form_1 .mailpoet_segment_label, #mailpoet_form_1 .mailpoet_text_label, #mailpoet_form_1 .mailpoet_textarea_label, #mailpoet_form_1 .mailpoet_select_label, #mailpoet_form_1 .mailpoet_radio_label, #mailpoet_form_1 .mailpoet_checkbox_label, #mailpoet_form_1 .mailpoet_list_label, #mailpoet_form_1 .mailpoet_date_label { display: block; font-weight: normal; }\n#mailpoet_form_1 .mailpoet_text, #mailpoet_form_1 .mailpoet_textarea, #mailpoet_form_1 .mailpoet_select, #mailpoet_form_1 .mailpoet_date_month, #mailpoet_form_1 .mailpoet_date_day, #mailpoet_form_1 .mailpoet_date_year, #mailpoet_form_1 .mailpoet_date { display: block; }\n#mailpoet_form_1 .mailpoet_text, #mailpoet_form_1 .mailpoet_textarea { width: 200px; }\n#mailpoet_form_1 .mailpoet_checkbox {  }\n#mailpoet_form_1 .mailpoet_submit {  }\n#mailpoet_form_1 .mailpoet_divider {  }\n#mailpoet_form_1 .mailpoet_message {  }\n#mailpoet_form_1 .mailpoet_form_loading { width: 30px; text-align: center; line-height: normal; }\n#mailpoet_form_1 .mailpoet_form_loading > span { width: 5px; height: 5px; background-color: #5b5b5b; }#mailpoet_form_1{border-radius: 24px;background: linear-gradient(135deg,rgb(202,248,128) 0%,rgb(113,206,126) 100%);text-align: left;}#mailpoet_form_1 form.mailpoet_form {padding: 40px;}#mailpoet_form_1{width: 100%;}#mailpoet_form_1 .mailpoet_message {margin: 0; padding: 0 20px;}\n        #mailpoet_form_1 .mailpoet_validate_success {color: #00d084}\n        #mailpoet_form_1 input.parsley-success {color: #00d084}\n        #mailpoet_form_1 select.parsley-success {color: #00d084}\n        #mailpoet_form_1 textarea.parsley-success {color: #00d084}\n      \n        #mailpoet_form_1 .mailpoet_validate_error {color: #cf2e2e}\n        #mailpoet_form_1 input.parsley-error {color: #cf2e2e}\n        #mailpoet_form_1 select.parsley-error {color: #cf2e2e}\n        #mailpoet_form_1 textarea.textarea.parsley-error {color: #cf2e2e}\n        #mailpoet_form_1 .parsley-errors-list {color: #cf2e2e}\n        #mailpoet_form_1 .parsley-required {color: #cf2e2e}\n        #mailpoet_form_1 .parsley-custom-error-message {color: #cf2e2e}\n      #mailpoet_form_1 .mailpoet_paragraph.last {margin-bottom: 0} @media (max-width: 500px) {#mailpoet_form_1 {background: linear-gradient(135deg,rgb(202,248,128) 0%,rgb(113,206,126) 100%);}} @media (min-width: 500px) {#mailpoet_form_1 .last .mailpoet_paragraph:last-child {margin-bottom: 0}}  @media (max-width: 500px) {#mailpoet_form_1 .mailpoet_form_column:last-child .mailpoet_paragraph:last-child {margin-bottom: 0}} \n    <\/style>\n\n    <form\n      target=\"_self\"\n      method=\"post\"\n      action=\"https:\/\/marcillylesbuxy.info\/wp-admin\/admin-post.php?action=mailpoet_subscription_form\"\n      class=\"mailpoet_form mailpoet_form_form mailpoet_form_html\"\n      novalidate\n      data-delay=\"\"\n      data-exit-intent-enabled=\"\"\n      data-font-family=\"\"\n      data-cookie-expiration-time=\"\"\n    >\n      <input type=\"hidden\" name=\"data[form_id]\" value=\"1\" \/>\n      <input type=\"hidden\" name=\"token\" value=\"c4cecb4c81\" \/>\n      <input type=\"hidden\" name=\"api_version\" value=\"v1\" \/>\n      <input type=\"hidden\" name=\"endpoint\" value=\"subscribers\" \/>\n      <input type=\"hidden\" name=\"mailpoet_method\" value=\"subscribe\" \/>\n\n      <label class=\"mailpoet_hp_email_label\" style=\"display: none !important;\">Veuillez laisser ce champ vide<input type=\"email\" name=\"data[email]\"\/><\/label><h2 class=\"mailpoet-heading  mailpoet-has-font-size\" style=\"text-align: center; color: #ffffff; font-size: 31px; line-height: 1\">Pour recevoir l&rsquo;annonce d&rsquo;un nouvel article<strong><span style=\"font-family: Concert One\" data-font=\"Concert One\" class=\"mailpoet-has-font\">!<\/span><\/strong><\/h2>\n<p class=\"mailpoet_form_paragraph  mailpoet-has-font-size\" style=\"text-align: center; color: #ffffff; font-size: 20px; line-height: 1\"><span style=\"font-family: Concert One\" data-font=\"Concert One\" class=\"mailpoet-has-font\">Nous aimerions vous tenir au courant des derni\u00e8res publications d&rsquo;Information Citoyenne \u00e0 Marcilly-l\u00e8s-Buxy! <\/span> <img decoding=\"async\" class=\"wp-smiley\" style=\"height: 1em;max-height: 1em\" src=\"https:\/\/s.w.org\/images\/core\/emoji\/14.0.0\/72x72\/1f60e.png\" alt=\"\ud83d\ude0e\"><\/p>\n<div class=\"mailpoet_paragraph \"><style>input[name=\"data[form_field_N2EwNTJkMmE4MGJjX2ZpcnN0X25hbWU=]\"]::placeholder{color:#5b8ba7;opacity: 1;}<\/style><input type=\"text\" autocomplete=\"given-name\" class=\"mailpoet_text\" id=\"form_first_name_1\" name=\"data[form_field_N2EwNTJkMmE4MGJjX2ZpcnN0X25hbWU=]\" title=\"Quel est votre pr\u00e9nom\u00a0?\" value=\"\" style=\"width:100%;box-sizing:border-box;background-color:#ffffff;border-style:solid;border-radius:4px !important;border-width:0px;border-color:#313131;padding:12px;margin: 0 auto 0 0;font-family:&#039;Ubuntu&#039;;font-size:20px;line-height:1.5;height:auto;color:#5b8ba7;\" data-automation-id=\"form_first_name\"  placeholder=\"Quel est votre pr\u00e9nom\u00a0?\" aria-label=\"Quel est votre pr\u00e9nom\u00a0?\" data-parsley-errors-container=\".mailpoet_error_yzelr\" data-parsley-names='[&quot;Veuillez sp\u00e9cifier un nom valide.&quot;,&quot;Les adresses dans les noms ne sont pas autoris\u00e9es, veuillez ajouter votre nom \u00e0 la place.&quot;]'\/><span class=\"mailpoet_error_yzelr\"><\/span><\/div>\n<div class=\"mailpoet_paragraph \"><style>input[name=\"data[form_field_ZWNlYjVlNjdlNTE4X2xhc3RfbmFtZQ==]\"]::placeholder{color:#5b8ba7;opacity: 1;}<\/style><input type=\"text\" autocomplete=\"family-name\" class=\"mailpoet_text\" id=\"form_last_name_1\" name=\"data[form_field_ZWNlYjVlNjdlNTE4X2xhc3RfbmFtZQ==]\" title=\"Et votre nom de famille\u00a0?\" value=\"\" style=\"width:100%;box-sizing:border-box;background-color:#ffffff;border-style:solid;border-radius:4px !important;border-width:0px;border-color:#313131;padding:12px;margin: 0 auto 0 0;font-family:&#039;Ubuntu&#039;;font-size:20px;line-height:1.5;height:auto;color:#5b8ba7;\" data-automation-id=\"form_last_name\"  placeholder=\"Et votre nom de famille\u00a0?\" aria-label=\"Et votre nom de famille\u00a0?\" data-parsley-errors-container=\".mailpoet_error_3uegl\" data-parsley-names='[&quot;Veuillez sp\u00e9cifier un nom valide.&quot;,&quot;Les adresses dans les noms ne sont pas autoris\u00e9es, veuillez ajouter votre nom \u00e0 la place.&quot;]'\/><span class=\"mailpoet_error_3uegl\"><\/span><\/div>\n<div class=\"mailpoet_paragraph \"><style>input[name=\"data[form_field_MDMzNmNjYTM1NmE2X2VtYWls]\"]::placeholder{color:#5b8ba7;opacity: 1;}<\/style><input type=\"email\" autocomplete=\"email\" class=\"mailpoet_text\" id=\"form_email_1\" name=\"data[form_field_MDMzNmNjYTM1NmE2X2VtYWls]\" title=\"Adresse e-mail\" value=\"\" style=\"width:100%;box-sizing:border-box;background-color:#ffffff;border-style:solid;border-radius:4px !important;border-width:0px;border-color:#313131;padding:12px;margin: 0 auto 0 0;font-family:&#039;Ubuntu&#039;;font-size:20px;line-height:1.5;height:auto;color:#5b8ba7;\" data-automation-id=\"form_email\"  placeholder=\"Adresse e-mail *\" aria-label=\"Adresse e-mail *\" data-parsley-errors-container=\".mailpoet_error_nlldl\" data-parsley-required=\"true\" required aria-required=\"true\" data-parsley-minlength=\"6\" data-parsley-maxlength=\"150\" data-parsley-type-message=\"Cette valeur doit \u00eatre un e-mail valide.\" data-parsley-required-message=\"Ce champ est n\u00e9cessaire.\"\/><span class=\"mailpoet_error_nlldl\"><\/span><\/div>\n<div class=\"mailpoet_paragraph \"><input type=\"submit\" class=\"mailpoet_submit\" value=\"Tenez-moi au courant\u00a0!\" data-automation-id=\"subscribe-submit-button\" data-font-family='Ubuntu' style=\"width:100%;box-sizing:border-box;background-color:#ff6900;border-style:solid;border-radius:40px !important;border-width:0px;padding:12px;margin: 0 auto 0 0;font-family:&#039;Ubuntu&#039;;font-size:24px;line-height:1.5;height:auto;color:#ffffff;border-color:transparent;font-weight:bold;\" \/><span class=\"mailpoet_form_loading\"><span class=\"mailpoet_bounce1\"><\/span><span class=\"mailpoet_bounce2\"><\/span><span class=\"mailpoet_bounce3\"><\/span><\/span><\/div>\n<p class=\"mailpoet_form_paragraph  mailpoet-has-font-size\" style=\"text-align: center; color: #ffffff; font-size: 14px; line-height: 1.2\"><span style=\"font-family: Concert One\" data-font=\"Concert One\" class=\"mailpoet-has-font\">Nous ne spammons pas\u00a0! Consultez notre <a target=\"_blank\" href=\"https:\/\/marcillylesbuxy.info\/index.php\/politique-de-confidentialite\/\">politique de confidentialit\u00e9<\/a> pour plus d\u2019informations.<\/span><\/p>\n\n      <div class=\"mailpoet_message\">\n        <p class=\"mailpoet_validate_success\"\n                style=\"display:none;\"\n                >V\u00e9rifiez votre boite de r\u00e9ception ou votre r\u00e9pertoire d\u2019ind\u00e9sirables pour confirmer votre abonnement.\n        <\/p>\n        <p class=\"mailpoet_validate_error\"\n                style=\"display:none;\"\n                >        <\/p>\n      <\/div>\n    <\/form>\n\n      <\/div>\n\n  ","protected":false},"excerpt":{"rendered":"","protected":false},"author":1,"featured_media":0,"parent":0,"menu_order":0,"comment_status":"open","ping_status":"closed","template":"","meta":{"_monsterinsights_skip_tracking":false,"_monsterinsights_sitenote_active":false,"_monsterinsights_sitenote_note":"","_monsterinsights_sitenote_category":0,"footnotes":""},"class_list":["post-172","page","type-page","status-publish","hentry"],"_links":{"self":[{"href":"https:\/\/marcillylesbuxy.info\/index.php\/wp-json\/wp\/v2\/pages\/172","targetHints":{"allow":["GET"]}}],"collection":[{"href":"https:\/\/marcillylesbuxy.info\/index.php\/wp-json\/wp\/v2\/pages"}],"about":[{"href":"https:\/\/marcillylesbuxy.info\/index.php\/wp-json\/wp\/v2\/types\/page"}],"author":[{"embeddable":true,"href":"https:\/\/marcillylesbuxy.info\/index.php\/wp-json\/wp\/v2\/users\/1"}],"replies":[{"embeddable":true,"href":"https:\/\/marcillylesbuxy.info\/index.php\/wp-json\/wp\/v2\/comments?post=172"}],"version-history":[{"count":34,"href":"https:\/\/marcillylesbuxy.info\/index.php\/wp-json\/wp\/v2\/pages\/172\/revisions"}],"predecessor-version":[{"id":989,"href":"https:\/\/marcillylesbuxy.info\/index.php\/wp-json\/wp\/v2\/pages\/172\/revisions\/989"}],"wp:attachment":[{"href":"https:\/\/marcillylesbuxy.info\/index.php\/wp-json\/wp\/v2\/media?parent=172"}],"curies":[{"name":"wp","href":"https:\/\/api.w.org\/{rel}","templated":true}]}}